{"id":5966,"date":"2019-11-11T01:59:24","date_gmt":"2019-11-11T01:59:24","guid":{"rendered":"https:\/\/www.gavias-theme.com\/wp\/codesk\/?page_id=5966"},"modified":"2024-04-23T09:50:57","modified_gmt":"2024-04-23T09:50:57","slug":"home-4","status":"publish","type":"page","link":"https:\/\/brasovfood.ro\/","title":{"rendered":"Home 4"},"content":{"rendered":"\t\t<div data-elementor-type=\"wp-post\" data-elementor-id=\"5966\" class=\"elementor elementor-5966\">\n\t\t\t\t\t\t<section class=\"elementor-section elementor-top-section elementor-element elementor-element-30f0 elementor-section-full_width elementor-section-height-default elementor-section-height-default\" data-id=\"30f0\" data-element_type=\"section\" data-e-type=\"section\">\n\t\t\t\t\t\t<div class=\"elementor-container elementor-column-gap-no\">\n\t\t\t\t\t<div class=\"elementor-column elementor-col-100 elementor-top-column elementor-element elementor-element-4533 column-style-top\" data-id=\"4533\" data-element_type=\"column\" data-e-type=\"column\">\n\t\t\t<div class=\"elementor-widget-wrap elementor-element-populated\">\n\t\t\t\t\t\t<div class=\"elementor-element elementor-element-44a2 elementor-widget elementor-widget-gva-rev-slider\" data-id=\"44a2\" data-element_type=\"widget\" data-e-type=\"widget\" data-widget_type=\"gva-rev-slider.default\">\n\t\t\t\t<div class=\"elementor-widget-container\">\n\t\t\t\t\t<div class=\"gva-element-gva-rev-slider gva-element\">\n\t\t\t<!-- START Slider II REVOLUTION SLIDER 6.5.14 --><p class=\"rs-p-wp-fix\"><\/p>\n\t\t\t<rs-module-wrap id=\"rev_slider_2_1_wrapper\" data-source=\"gallery\" style=\"visibility:hidden;background:transparent;padding:0;margin:0px auto;margin-top:0;margin-bottom:0;max-width:100%;\">\n\t\t\t\t<rs-module id=\"rev_slider_2_1\" style=\"\" data-version=\"6.5.14\">\n\t\t\t\t\t<rs-slides>\n\t\t\t\t\t\t<rs-slide style=\"position: absolute;\" data-key=\"rs-3\" data-title=\"Slide\" data-in=\"prst:rndany;y:100%;\" data-alttrans=\"random-premium,random\">\n\t\t\t\t\t\t\t<img fetchpriority=\"high\" decoding=\"async\" src=\"\/\/brasovfood.ro\/wp-content\/plugins\/revslider\/public\/assets\/assets\/dummy.png\" alt=\"\" title=\"header\" width=\"1920\" height=\"917\" class=\"rev-slidebg tp-rs-img rs-lazyload\" data-lazyload=\"\/\/brasovfood.ro\/wp-content\/uploads\/2022\/01\/header.jpg\" data-parallax=\"9\" data-no-retina>\n<!--\n\t\t\t\t\t\t\t--><rs-layer\n\t\t\t\t\t\t\t\tid=\"slider-2-slide-3-layer-35\" \n\t\t\t\t\t\t\t\tdata-type=\"text\"\n\t\t\t\t\t\t\t\tdata-rsp_ch=\"on\"\n\t\t\t\t\t\t\t\tdata-xy=\"x:c;y:m;yo:0,0,-52px,-58px;\"\n\t\t\t\t\t\t\t\tdata-text=\"w:normal;s:90,90,58,35;l:92,92,60,45;ls:-2px,-2px,0px,0px;fw:900;a:center;\"\n\t\t\t\t\t\t\t\tdata-frame_0=\"sX:0.9;sY:0.9;\"\n\t\t\t\t\t\t\t\tdata-frame_1=\"st:240;sp:1000;sR:240;\"\n\t\t\t\t\t\t\t\tdata-frame_999=\"o:0;st:w;sR:7760;\"\n\t\t\t\t\t\t\t\tstyle=\"z-index:14;font-family:'Montserrat';\"\n\t\t\t\t\t\t\t>Restaurante <span class=\"text-theme\">&<\/span><br \/>\ncazare \u00een BRA\u0218OV \u0219i<br \/>\n<span class=\"text-theme\">POIANA BRA\u0218OV<\/span> \n\t\t\t\t\t\t\t<\/rs-layer><!--\n-->\t\t\t\t\t\t<\/rs-slide>\n\t\t\t\t\t<\/rs-slides>\n\t\t\t\t<\/rs-module>\n\t\t\t\t<script>\n\t\t\t\t\tsetREVStartSize({c: 'rev_slider_2_1',rl:[1240,1240,778,480],el:[920,920,580,440],gw:[1170,1170,778,480],gh:[920,920,580,440],type:'standard',justify:'',layout:'fullwidth',mh:\"0\"});if (window.RS_MODULES!==undefined && window.RS_MODULES.modules!==undefined && window.RS_MODULES.modules[\"revslider21\"]!==undefined) {window.RS_MODULES.modules[\"revslider21\"].once = false;window.revapi2 = undefined;if (window.RS_MODULES.checkMinimal!==undefined) window.RS_MODULES.checkMinimal()}\n\t\t\t\t<\/script>\n\t\t\t<\/rs-module-wrap>\n\t\t\t<!-- END REVOLUTION SLIDER -->\n<\/div>\t\t\t\t<\/div>\n\t\t\t\t<\/div>\n\t\t\t\t\t<\/div>\n\t\t<\/div>\n\t\t\t\t\t<\/div>\n\t\t<\/section>\n\t\t\t\t<section class=\"elementor-section elementor-top-section elementor-element elementor-element-76c1a9e elementor-section-boxed elementor-section-height-default elementor-section-height-default\" data-id=\"76c1a9e\" data-element_type=\"section\" data-e-type=\"section\" data-settings=\"{&quot;background_background&quot;:&quot;classic&quot;}\">\n\t\t\t\t\t\t<div class=\"elementor-container elementor-column-gap-default\">\n\t\t\t\t\t<div class=\"elementor-column elementor-col-100 elementor-top-column elementor-element elementor-element-6be2152 column-style-top\" data-id=\"6be2152\" data-element_type=\"column\" data-e-type=\"column\">\n\t\t\t<div class=\"elementor-widget-wrap elementor-element-populated\">\n\t\t\t\t\t\t<section class=\"elementor-section elementor-inner-section elementor-element elementor-element-db484aa elementor-section-boxed elementor-section-height-default elementor-section-height-default\" data-id=\"db484aa\" data-element_type=\"section\" data-e-type=\"section\">\n\t\t\t\t\t\t<div class=\"elementor-container elementor-column-gap-default\">\n\t\t\t\t\t<div class=\"elementor-column elementor-col-33 elementor-inner-column elementor-element elementor-element-e24681f column-style-top\" data-id=\"e24681f\" data-element_type=\"column\" data-e-type=\"column\">\n\t\t\t<div class=\"elementor-widget-wrap elementor-element-populated\">\n\t\t\t\t\t\t<div class=\"elementor-element elementor-element-0422df5 animated-slow elementor-invisible elementor-widget elementor-widget-gva-image-content\" data-id=\"0422df5\" data-element_type=\"widget\" data-e-type=\"widget\" data-settings=\"{&quot;_animation&quot;:&quot;slideInDown&quot;}\" data-widget_type=\"gva-image-content.default\">\n\t\t\t\t<div class=\"elementor-widget-container\">\n\t\t\t\t\t<div class=\"gva-element-gva-image-content gva-element\">      \r\n     \r\n    \r\n    \r\n\r\n   \r\n  <div class=\"gsc-image-content skin-v4\">\r\n          <div class=\"image\">\r\n                  <a href=\"https:\/\/www.restaurantbelvedere.ro\/\" target=\"_blank\">\r\n          <img decoding=\"async\" width=\"300\" height=\"100\" src=\"https:\/\/brasovfood.ro\/wp-content\/uploads\/2022\/01\/logo_restaurant_belvedere.png\" class=\"attachment-full size-full wp-image-8159\" alt=\"\" \/>        <\/a>\r\n              <\/div>\r\n        <div class=\"box-content\">\r\n               <h2 class=\"title\">\r\n                    <a href=\"https:\/\/www.restaurantbelvedere.ro\/\" target=\"_blank\">\r\n          RESTAURANT <p> \u00een BRA\u0218OV        <\/a>\r\n                 <\/h2>\r\n            <div class=\"desc\">Signature dishes, selec\u021bie deosebit\u0103 de vinuri..<\/div>\r\n              <div class=\"read-more\">\r\n                  <a href=\"https:\/\/www.restaurantbelvedere.ro\/\" class=\"btn-theme btn-small\" target=\"_blank\">\r\n          <span>Read More<\/span>        <\/a>\r\n                <\/div>\r\n          <\/div>  \r\n  <\/div>\r\n <\/div>\t\t\t\t<\/div>\n\t\t\t\t<\/div>\n\t\t\t\t\t<\/div>\n\t\t<\/div>\n\t\t\t\t<div class=\"elementor-column elementor-col-33 elementor-inner-column elementor-element elementor-element-e0469f4 column-style-top\" data-id=\"e0469f4\" data-element_type=\"column\" data-e-type=\"column\">\n\t\t\t<div class=\"elementor-widget-wrap elementor-element-populated\">\n\t\t\t\t\t\t<div class=\"elementor-element elementor-element-605932f animated-slow elementor-invisible elementor-widget elementor-widget-gva-image-content\" data-id=\"605932f\" data-element_type=\"widget\" data-e-type=\"widget\" data-settings=\"{&quot;_animation&quot;:&quot;slideInUp&quot;}\" data-widget_type=\"gva-image-content.default\">\n\t\t\t\t<div class=\"elementor-widget-container\">\n\t\t\t\t\t<div class=\"gva-element-gva-image-content gva-element\">      \r\n     \r\n    \r\n    \r\n\r\n   \r\n  <div class=\"gsc-image-content skin-v4\">\r\n          <div class=\"image\">\r\n                  <a href=\"http:\/\/grand.hotelbelvederebv.ro\/\" target=\"_blank\">\r\n          <img decoding=\"async\" width=\"300\" height=\"100\" src=\"https:\/\/brasovfood.ro\/wp-content\/uploads\/2022\/01\/logo_grand.png\" class=\"attachment-full size-full wp-image-8171\" alt=\"\" \/>        <\/a>\r\n              <\/div>\r\n        <div class=\"box-content\">\r\n               <h2 class=\"title\">\r\n                    <a href=\"http:\/\/grand.hotelbelvederebv.ro\/\" target=\"_blank\">\r\n          CAZARE LA \u020aN\u0102L\u021aIME <p>\u00een BRA\u0218OV        <\/a>\r\n                 <\/h2>\r\n            <div class=\"desc\">Hotel de 4 stele \u00een Bra\u0219ov...<\/div>\r\n              <div class=\"read-more\">\r\n                  <a href=\"http:\/\/grand.hotelbelvederebv.ro\/\" class=\"btn-theme btn-small\" target=\"_blank\">\r\n          <span>Read More<\/span>        <\/a>\r\n                <\/div>\r\n          <\/div>  \r\n  <\/div>\r\n <\/div>\t\t\t\t<\/div>\n\t\t\t\t<\/div>\n\t\t\t\t\t<\/div>\n\t\t<\/div>\n\t\t\t\t<div class=\"elementor-column elementor-col-33 elementor-inner-column elementor-element elementor-element-1ac6c5c column-style-top\" data-id=\"1ac6c5c\" data-element_type=\"column\" data-e-type=\"column\">\n\t\t\t<div class=\"elementor-widget-wrap elementor-element-populated\">\n\t\t\t\t\t\t<div class=\"elementor-element elementor-element-34389a7 animated-slow elementor-invisible elementor-widget elementor-widget-gva-image-content\" data-id=\"34389a7\" data-element_type=\"widget\" data-e-type=\"widget\" data-settings=\"{&quot;_animation&quot;:&quot;slideInUp&quot;}\" data-widget_type=\"gva-image-content.default\">\n\t\t\t\t<div class=\"elementor-widget-container\">\n\t\t\t\t\t<div class=\"gva-element-gva-image-content gva-element\">      \r\n     \r\n    \r\n    \r\n\r\n   \r\n  <div class=\"gsc-image-content skin-v4\">\r\n          <div class=\"image\">\r\n                  <a href=\"https:\/\/hotelbelvederebv.ro\/luxury-hotel\/\" target=\"_blank\">\r\n          <img loading=\"lazy\" decoding=\"async\" width=\"300\" height=\"100\" src=\"https:\/\/brasovfood.ro\/wp-content\/uploads\/2022\/01\/logo_hotel.png\" class=\"attachment-full size-full wp-image-8172\" alt=\"\" \/>        <\/a>\r\n              <\/div>\r\n        <div class=\"box-content\">\r\n               <h2 class=\"title\">\r\n                    <a href=\"https:\/\/hotelbelvederebv.ro\/luxury-hotel\/\" target=\"_blank\">\r\n          CAZARE LA \u020aN\u0102L\u021aIME <p>\u00een BRA\u0218OV        <\/a>\r\n                 <\/h2>\r\n            <div class=\"desc\">Hotel de 4 stele \u00een Bra\u0219ov...<\/div>\r\n              <div class=\"read-more\">\r\n                  <a href=\"https:\/\/hotelbelvederebv.ro\/luxury-hotel\/\" class=\"btn-theme btn-small\" target=\"_blank\">\r\n          <span>Read More<\/span>        <\/a>\r\n                <\/div>\r\n          <\/div>  \r\n  <\/div>\r\n <\/div>\t\t\t\t<\/div>\n\t\t\t\t<\/div>\n\t\t\t\t\t<\/div>\n\t\t<\/div>\n\t\t\t\t\t<\/div>\n\t\t<\/section>\n\t\t\t\t<section class=\"elementor-section elementor-inner-section elementor-element elementor-element-f6fc250 elementor-section-boxed elementor-section-height-default elementor-section-height-default\" data-id=\"f6fc250\" data-element_type=\"section\" data-e-type=\"section\">\n\t\t\t\t\t\t<div class=\"elementor-container elementor-column-gap-default\">\n\t\t\t\t\t<div class=\"elementor-column elementor-col-50 elementor-inner-column elementor-element elementor-element-5a5f336 column-style-top\" data-id=\"5a5f336\" data-element_type=\"column\" data-e-type=\"column\">\n\t\t\t<div class=\"elementor-widget-wrap elementor-element-populated\">\n\t\t\t\t\t\t<div class=\"elementor-element elementor-element-6cf4b6c animated-slow elementor-invisible elementor-widget elementor-widget-gva-image-content\" data-id=\"6cf4b6c\" data-element_type=\"widget\" data-e-type=\"widget\" data-settings=\"{&quot;_animation&quot;:&quot;slideInRight&quot;}\" data-widget_type=\"gva-image-content.default\">\n\t\t\t\t<div class=\"elementor-widget-container\">\n\t\t\t\t\t<div class=\"gva-element-gva-image-content gva-element\">      \r\n     \r\n    \r\n    \r\n\r\n   \r\n  <div class=\"gsc-image-content skin-v4\">\r\n          <div class=\"image\">\r\n                  <a href=\"http:\/\/sura-dacilor.ro\/\" target=\"_blank\">\r\n          <img loading=\"lazy\" decoding=\"async\" width=\"300\" height=\"100\" src=\"https:\/\/brasovfood.ro\/wp-content\/uploads\/2022\/01\/logo_sura.png\" class=\"attachment-full size-full wp-image-8160\" alt=\"\" \/>        <\/a>\r\n              <\/div>\r\n        <div class=\"box-content\">\r\n               <h2 class=\"title\">\r\n                    <a href=\"http:\/\/sura-dacilor.ro\/\" target=\"_blank\">\r\n          RESTAURANT  <p> \u00een POIANA BRA\u0218OV        <\/a>\r\n                 <\/h2>\r\n            <div class=\"desc\">M\u00e2ncare tradi\u021bional\u0103 rom\u00e2neasc\u0103...<\/div>\r\n              <div class=\"read-more\">\r\n                  <a href=\"http:\/\/sura-dacilor.ro\/\" class=\"btn-theme btn-small\" target=\"_blank\">\r\n          <span>Read More<\/span>        <\/a>\r\n                <\/div>\r\n          <\/div>  \r\n  <\/div>\r\n <\/div>\t\t\t\t<\/div>\n\t\t\t\t<\/div>\n\t\t\t\t\t<\/div>\n\t\t<\/div>\n\t\t\t\t<div class=\"elementor-column elementor-col-50 elementor-inner-column elementor-element elementor-element-19e38cd column-style-top\" data-id=\"19e38cd\" data-element_type=\"column\" data-e-type=\"column\">\n\t\t\t<div class=\"elementor-widget-wrap elementor-element-populated\">\n\t\t\t\t\t\t<div class=\"elementor-element elementor-element-bd5c9db animated-slow elementor-invisible elementor-widget elementor-widget-gva-image-content\" data-id=\"bd5c9db\" data-element_type=\"widget\" data-e-type=\"widget\" data-settings=\"{&quot;_animation&quot;:&quot;slideInUp&quot;}\" data-widget_type=\"gva-image-content.default\">\n\t\t\t\t<div class=\"elementor-widget-container\">\n\t\t\t\t\t<div class=\"gva-element-gva-image-content gva-element\">      \r\n     \r\n    \r\n    \r\n\r\n   \r\n  <div class=\"gsc-image-content skin-v4\">\r\n          <div class=\"image\">\r\n                  <a href=\"http:\/\/vinlabrasov.ro\/\" target=\"_blank\">\r\n          <img loading=\"lazy\" decoding=\"async\" width=\"300\" height=\"100\" src=\"https:\/\/brasovfood.ro\/wp-content\/uploads\/2022\/01\/logo_vin-la-brasov.png\" class=\"attachment-full size-full wp-image-8244\" alt=\"\" \/>        <\/a>\r\n              <\/div>\r\n        <div class=\"box-content\">\r\n               <h2 class=\"title\">\r\n                    <a href=\"http:\/\/vinlabrasov.ro\/\" target=\"_blank\">\r\n          ENTERTAINMENT <p> \u00een BRA\u0218OV        <\/a>\r\n                 <\/h2>\r\n            <div class=\"desc\">Festivalul vinurilor rom\u00e2ne\u0219ti...<\/div>\r\n              <div class=\"read-more\">\r\n                  <a href=\"http:\/\/vinlabrasov.ro\/\" class=\"btn-theme btn-small\" target=\"_blank\">\r\n          <span>Read More<\/span>        <\/a>\r\n                <\/div>\r\n          <\/div>  \r\n  <\/div>\r\n <\/div>\t\t\t\t<\/div>\n\t\t\t\t<\/div>\n\t\t\t\t\t<\/div>\n\t\t<\/div>\n\t\t\t\t\t<\/div>\n\t\t<\/section>\n\t\t\t\t\t<\/div>\n\t\t<\/div>\n\t\t\t\t\t<\/div>\n\t\t<\/section>\n\t\t\t\t<\/div>\n\t\t","protected":false},"excerpt":{"rendered":"<p>Restaurante &#038; cazare \u00een BRA\u0218OV \u0219i POIANA BRA\u0218OV RESTAURANT \u00een BRA\u0218OV Signature dishes, selec\u021bie deosebit\u0103 de vinuri.. Read More CAZARE LA \u020aN\u0102L\u021aIME \u00een BRA\u0218OV Hotel de 4 stele \u00een Bra\u0219ov&#8230; Read More CAZARE LA \u020aN\u0102L\u021aIME \u00een BRA\u0218OV Hotel de 4 stele \u00een Bra\u0219ov&#8230; Read More RESTAURANT \u00een POIANA BRA\u0218OV M\u00e2ncare tradi\u021bional\u0103 rom\u00e2neasc\u0103&#8230; Read More ENTERTAINMENT [&hellip;]<\/p>\n","protected":false},"author":1,"featured_media":0,"parent":0,"menu_order":0,"comment_status":"closed","ping_status":"closed","template":"","meta":{"footnotes":""},"class_list":["post-5966","page","type-page","status-publish","hentry"],"_links":{"self":[{"href":"https:\/\/brasovfood.ro\/index.php\/wp-json\/wp\/v2\/pages\/5966","targetHints":{"allow":["GET"]}}],"collection":[{"href":"https:\/\/brasovfood.ro\/index.php\/wp-json\/wp\/v2\/pages"}],"about":[{"href":"https:\/\/brasovfood.ro\/index.php\/wp-json\/wp\/v2\/types\/page"}],"author":[{"embeddable":true,"href":"https:\/\/brasovfood.ro\/index.php\/wp-json\/wp\/v2\/users\/1"}],"replies":[{"embeddable":true,"href":"https:\/\/brasovfood.ro\/index.php\/wp-json\/wp\/v2\/comments?post=5966"}],"version-history":[{"count":54,"href":"https:\/\/brasovfood.ro\/index.php\/wp-json\/wp\/v2\/pages\/5966\/revisions"}],"predecessor-version":[{"id":8263,"href":"https:\/\/brasovfood.ro\/index.php\/wp-json\/wp\/v2\/pages\/5966\/revisions\/8263"}],"wp:attachment":[{"href":"https:\/\/brasovfood.ro\/index.php\/wp-json\/wp\/v2\/media?parent=5966"}],"curies":[{"name":"wp","href":"https:\/\/api.w.org\/{rel}","templated":true}]}}